{"id":5840,"date":"2021-09-16T16:34:44","date_gmt":"2021-09-16T14:34:44","guid":{"rendered":"https:\/\/www.augenklinik-rd.de\/?page_id=5840"},"modified":"2025-05-06T08:27:51","modified_gmt":"2025-05-06T06:27:51","slug":"augenarztpraxis-neumuenster","status":"publish","type":"page","link":"https:\/\/augenklinik-rd.de\/de\/augenarztpraxis-neumuenster\/","title":{"rendered":"Augenarztpraxis Neum\u00fcnster"},"content":{"rendered":"<div class=\"wpb-content-wrapper\"><p>[vc_row][vc_column width=&#8220;1\/3&#8243;][vc_column_text css=&#8220;&#8220;]<\/p>\n<h1>Ihre Augen\u00e4rzte<br \/>\nin Neum\u00fcnster<\/h1>\n<p>[\/vc_column_text][\/vc_column][vc_column width=&#8220;2\/3&#8243;][vc_column_text css=&#8220;&#8220;]<\/p>\n<h3>Willkommen in Neum\u00fcnster am Gro\u00dfflecken<\/h3>\n<p>Sie finden unsere Praxis im Herzen von Neum\u00fcnster am Kuhberg 53. Kostenpflichtige Parkm\u00f6glichkeiten finden Sie auf dem Parkplatz gegen\u00fcber dem Haus auf dem ehemaligen Karstadt-Gel\u00e4nde. Weitere Parkm\u00f6glichkeiten finden Sie am Waschpohl oder am Kleinflecken.[\/vc_column_text][\/vc_column][\/vc_row][vc_row][vc_column css_animation=&#8220;none&#8220; width=&#8220;1\/3&#8243;][vc_btn title=&#8220;Anfahrt&#8220; style=&#8220;flat&#8220; shape=&#8220;square&#8220; size=&#8220;lg&#8220; align=&#8220;center&#8220; i_icon_fontawesome=&#8220;fas fa-map-marker&#8220; css_animation=&#8220;fadeInUp&#8220; css=&#8220;&#8220; button_block=&#8220;true&#8220; add_icon=&#8220;true&#8220; link=&#8220;url:https%3A%2F%2Fmaps.app.goo.gl%2FvZDq3D76gvJw9f6h7&#8243;][vc_empty_space][\/vc_column][vc_column css_animation=&#8220;none&#8220; width=&#8220;1\/3&#8243;][vc_btn title=&#8220;Kontaktformular&#8220; style=&#8220;flat&#8220; shape=&#8220;square&#8220; size=&#8220;lg&#8220; align=&#8220;center&#8220; i_icon_fontawesome=&#8220;fas fa-envelope&#8220; css_animation=&#8220;fadeInUp&#8220; button_block=&#8220;true&#8220; add_icon=&#8220;true&#8220; link=&#8220;url:%2Fde%2Fkontakt%2F%3Fpraxis%3D12&#8243;][vc_empty_space][\/vc_column][vc_column css_animation=&#8220;none&#8220; width=&#8220;1\/3&#8243;][vc_btn title=&#8220;Bewerten Sie uns!&#8220; style=&#8220;flat&#8220; shape=&#8220;square&#8220; size=&#8220;lg&#8220; align=&#8220;center&#8220; i_icon_fontawesome=&#8220;fas fa-star&#8220; css_animation=&#8220;fadeInUp&#8220; css=&#8220;&#8220; button_block=&#8220;true&#8220; add_icon=&#8220;true&#8220; link=&#8220;url:https%3A%2F%2Fg.page%2Fr%2FCZ3H1xZYhtH-EBM%2Freview&#8220;][vc_empty_space][\/vc_column][\/vc_row][vc_row bg_type=&#8220;bg_color&#8220; bg_override=&#8220;full&#8220; bg_color_value=&#8220;#ffffff&#8220;][vc_column][vc_empty_space][vc_row_inner][vc_column_inner width=&#8220;1\/2&#8243;]<div class=\"aio-icon-component    style_1\"><div id=\"Info-box-wrap-4994\" class=\"aio-icon-box left-icon\" style=\"\"  ><div class=\"aio-icon-left\"><div class=\"ult-just-icon-wrapper  \"><div class=\"align-icon\" style=\"text-align:center;\">\n<div class=\"aio-icon circle \"  style=\"color:#ffffff;background:#ad0337;font-size:30px;display:inline-block;\">\n\t<i class=\"Defaults-phone\"><\/i>\n<\/div><\/div><\/div><\/div><div class=\"aio-ibd-block\"><div class=\"aio-icon-description ult-responsive\"  data-ultimate-target='#Info-box-wrap-4994 .aio-icon-description'  data-responsive-json-new='{\"font-size\":\"\",\"line-height\":\"\"}'  style=\"\"><\/p>\n<p style=\"text-align: left;\"><strong>Augenarztpraxis Neum\u00fcnster<\/strong><\/p>\n<p style=\"text-align: left;\">Kuhberg 53<\/p>\n<p style=\"text-align: left;\">24534 Neum\u00fcnster<\/p>\n<p style=\"text-align: left;\">Telefon: + 49 4321 42450<\/p>\n<p style=\"text-align: left;\">Fax: + 49 4321 48 271<\/p>\n<p style=\"text-align: left;\">E-Mail: <span style=\"color: #0563c1;\"><u><a href=\"mailto:neumuenster@augenklinik-rd.de\">neumuenster@augenklinik-rd.de<\/a><\/u><\/span><\/p>\n<p><\/div> <!-- description --><\/div> <!-- aio-ibd-block --><\/div> <!-- aio-icon-box --><\/div> <!-- aio-icon-component -->[vc_btn title=&#8220;Auf Google Maps ansehen&#8220; style=&#8220;flat&#8220; shape=&#8220;square&#8220; size=&#8220;lg&#8220; css_animation=&#8220;fadeInUp&#8220; css=&#8220;.vc_custom_1633425581013{padding-left: 75px !important;}&#8220; el_class=&#8220;redBackground&#8220; link=&#8220;url:https%3A%2F%2Fgoo.gl%2Fmaps%2FB9Hr5rQwxw2gdw6y8|title:Auf%20Google%20Maps%20ansehen|target:_blank&#8220;]<div class=\"aio-icon-component    style_1\"><div id=\"Info-box-wrap-4817\" class=\"aio-icon-box left-icon\" style=\"\"  ><div class=\"aio-icon-left\"><div class=\"ult-just-icon-wrapper  \"><div class=\"align-icon\" style=\"text-align:center;\">\n<div class=\"aio-icon circle \"  style=\"color:#ffffff;background:#ad0337;font-size:30px;display:inline-block;\">\n\t<i class=\"Defaults-clock-o\"><\/i>\n<\/div><\/div><\/div><\/div><div class=\"aio-ibd-block\"><div class=\"aio-icon-description ult-responsive\"  data-ultimate-target='#Info-box-wrap-4817 .aio-icon-description'  data-responsive-json-new='{\"font-size\":\"\",\"line-height\":\"\"}'  style=\"\"><\/p>\n<h3 style=\"text-align: left;\">Sprechstunden<\/h3>\n<p>Montags:<br \/>\n8-12 Uhr und 14-16:30 Uhr<\/p>\n<p>Dienstags:<br \/>\n8-12 Uhr und 14-16:30 Uhr<\/p>\n<p>Mittwochs:<br \/>\n8-12 Uhr<\/p>\n<p>Donnerstags:<br \/>\n8-12 Uhr und 14-16:30 Uhr<\/p>\n<p>Freitags:<br \/>\n8-12 Uhr<\/div> <!-- description --><\/div> <!-- aio-ibd-block --><\/div> <!-- aio-icon-box --><\/div> <!-- aio-icon-component --><div class=\"aio-icon-component    style_1\"><div id=\"Info-box-wrap-2557\" class=\"aio-icon-box left-icon\" style=\"\"  ><div class=\"aio-icon-left\"><div class=\"ult-just-icon-wrapper  \"><div class=\"align-icon\" style=\"text-align:center;\">\n<div class=\"aio-icon circle \"  style=\"color:#ffffff;background:#ad0337;font-size:30px;display:inline-block;\">\n\t<i class=\"Defaults-clock-o\"><\/i>\n<\/div><\/div><\/div><\/div><div class=\"aio-ibd-block\"><div class=\"aio-icon-description ult-responsive\"  data-ultimate-target='#Info-box-wrap-2557 .aio-icon-description'  data-responsive-json-new='{\"font-size\":\"\",\"line-height\":\"\"}'  style=\"\"><\/p>\n<h3 style=\"text-align: left;\">offene Sprechstunde<\/h3>\n<p>nur nach telefonischer Anmeldung<\/p>\n<p>Montags bis Freitags:<br \/>\n08:00 \u2013 9:00 Uhr<\/div> <!-- description --><\/div> <!-- aio-ibd-block --><\/div> <!-- aio-icon-box --><\/div> <!-- aio-icon-component -->[\/vc_column_inner][vc_column_inner width=&#8220;1\/2&#8243;][vc_column_text css=&#8220;&#8220;]<\/p>\n<h2>Online-Terminvereinbarung<\/h2>\n<p>[\/vc_column_text][vc_column_text css=&#8220;&#8220;]<iframe loading=\"lazy\" src=\"https:\/\/medichat-client.medivoice.ai\/?tenant=augenklinik-rd&#038;loc=neumuenster\" width=\"100%\" height=\"700\" frameborder=\"0\"><br \/>\n<\/iframe>[\/vc_column_text][\/vc_column_inner][\/vc_row_inner][\/vc_column][\/vc_row][vc_row][vc_column width=&#8220;1\/3&#8243;][vc_column_text]<\/p>\n<h2>Ihr Augenarzt in Neum\u00fcnster: Behandlungs\u00adspektrum der Augenpraxis<\/h2>\n<p>[\/vc_column_text][\/vc_column][vc_column width=&#8220;2\/3&#8243;][vc_column_text]<\/p>\n<p style=\"text-align: left;\">Von der allgemeinen augen\u00e4rztlichen Untersuchung und Beratung \u00fcber Vorsorge- und Tauglichkeitsuntersuchungen bis hin zu Sprechstunden zu verschiedenen Spezialthemen bieten wir Ihnen hier in Neum\u00fcnster ein umfassendes Leistungsspektrum an, das stetig erweitert wird.<\/p>\n<p>[\/vc_column_text][vc_column_text]<\/p>\n<h3 style=\"text-align: left;\">Unsere Leistungen in der Augenarztpraxis Neum\u00fcnster im \u00dcberblick<\/h3>\n<p>[\/vc_column_text][vc_row_inner][vc_column_inner width=&#8220;1\/2&#8243;]<div class=\"standard-arrow list-divider bullet-top\"><ul>\n<li>Allgemeine augen\u00e4rztliche Untersuchung und Beratung (auch\u00a0Brillenanpassungen)<\/li>\n<li>Beratung f\u00fcr refraktive Sprechstunde in Zusammenarbeit mit der Augenklinik Rendsburg<\/li>\n<li>Lidsprechstunde<\/li>\n<li>Untersuchung zu Farb- und Nachtsehen<\/li>\n<li>Netzhautspiegelung einschlie\u00dflich OCT (z.B. AMD, Diabetes, Bluthochdruck, u.a.)<\/li>\n<li>Kinderaugenheilkunde \/ Sehschule<\/li>\n<\/ul>\n<\/div>[\/vc_column_inner][vc_column_inner width=&#8220;1\/2&#8243;]<div class=\"standard-arrow list-divider bullet-top\"><ul>\n<li>Arbeitsplatzuntersuchungen auf Fahr- und Steuert\u00e4tigkeiten<\/li>\n<li>pr\u00e4operative Sprechstunde<\/li>\n<li>postoperative Nachsorge<\/li>\n<li>Tr\u00e4nenfilmvermessung<\/li>\n<li>Sehbehindertenberatung<\/li>\n<li>individuelle Gesundheitsleistungen<\/li>\n<li>Augeninnendruckmessung \/ Tagesdruckprofil<\/li>\n<\/ul>\n<\/div>[\/vc_column_inner][\/vc_row_inner][\/vc_column][\/vc_row][vc_row bg_type=&#8220;bg_color&#8220; bg_override=&#8220;full&#8220; bg_color_value=&#8220;#ffffff&#8220;][vc_column][vc_row_inner el_class=&#8220;headingOnImage&#8220;][vc_column_inner width=&#8220;1\/3&#8243; offset=&#8220;vc_col-lg-offset-0 vc_col-lg-4 vc_col-md-offset-0 vc_col-md-4 vc_col-xs-12&#8243;][vc_column_text el_class=&#8220;headingContainer1&#8243;]<\/p>\n<h2 class=\"wpb_heading wpb_singleimage_heading rolloverImage\"><a class=\"anchor-link\" href=\"#!\/vorsorgeuntersuchungen\">Vorsorge<\/a><\/h2>\n<p>[\/vc_column_text][vc_single_image image=&#8220;6769&#8243; img_size=&#8220;full&#8220; onclick=&#8220;custom_link&#8220; link=&#8220;#!\/vorsorgeuntersuchungen&#8220; el_class=&#8220;anchor-link roll1&#8243;][\/vc_column_inner][vc_column_inner width=&#8220;1\/3&#8243; offset=&#8220;vc_col-lg-4 vc_col-md-4 vc_col-xs-12&#8243;][vc_column_text el_class=&#8220;headingContainer2&#8243;]<\/p>\n<h2 class=\"wpb_heading wpb_singleimage_heading rolloverImage\"><a class=\"anchor-link\" href=\"#!\/gutachten\">Gutachten<\/a><\/h2>\n<p>[\/vc_column_text][vc_single_image image=&#8220;1398&#8243; img_size=&#8220;full&#8220; onclick=&#8220;custom_link&#8220; link=&#8220;#!\/gutachten&#8220; el_class=&#8220;anchor-link roll2&#8243;][\/vc_column_inner][vc_column_inner width=&#8220;1\/3&#8243; offset=&#8220;vc_col-lg-offset-0 vc_col-lg-4 vc_col-md-offset-0 vc_col-md-4 vc_col-xs-12&#8243;][vc_column_text el_class=&#8220;headingContainer3&#8243;]<\/p>\n<h2 class=\"wpb_heading wpb_singleimage_heading rolloverImage\"><a class=\"anchor-link\" href=\"#!\/spezialsprechstunde\">Spezial\u00adsprechstunde<\/a><\/h2>\n<p>[\/vc_column_text][vc_single_image image=&#8220;1400&#8243; img_size=&#8220;full&#8220; onclick=&#8220;custom_link&#8220; link=&#8220;#!\/spezialsprechstunde&#8220; el_class=&#8220;anchor-link roll3&#8243;][\/vc_column_inner][\/vc_row_inner][vc_row_inner el_id=&#8220;vorsorgeuntersuchungen&#8220;][vc_column_inner width=&#8220;1\/3&#8243;][vc_column_text]<\/p>\n<h2>Vorsorge\u00ad-<br \/>\nunter-<br \/>\nsuchungen<\/h2>\n<p>[\/vc_column_text][\/vc_column_inner][vc_column_inner width=&#8220;2\/3&#8243;][vc_column_text]<\/p>\n<h3>Vorsorge\u00aduntersuchungen in der<br \/>\nAugenarztpraxis Neum\u00fcnster<\/h3>\n<p>[\/vc_column_text][vc_column_text]Zeitung lesen, einkaufen oder Auto fahren &#8211; Wer sich eine gute Sehkraft bis ins Alter erhalten will, sollte regelm\u00e4\u00dfig eine augen\u00e4rztliche Vorsorge durchf\u00fchren lassen. Durch Vorsorgeuntersuchungen in der Augenarztpraxis Neum\u00fcnster lassen sich Augenerkrankungen rechtzeitig erkennen und behandeln. In unserer Augenarztpraxis in Neum\u00fcnster bieten wir Ihnen folgende Vorsorgeuntersuchungen an:[\/vc_column_text]<div class=\"standard-arrow list-divider bullet-top\"><ul>\n<li>Glaukomvorsorge, -verlauf und -therapie<\/li>\n<li>altersbedingte Maculadegenaration (AMD): Vorsorge, Verlauf, Therapie<\/li>\n<li>Katarakt: Verlauf, Therapie<\/li>\n<li>Amblyopie (kindliche Sehschw\u00e4che) Vorsorge, Verlauf, Therapie<\/li>\n<\/ul>\n<\/div>[\/vc_column_inner][\/vc_row_inner][\/vc_column][\/vc_row][vc_row el_id=&#8220;gutachten&#8220;][vc_column width=&#8220;1\/3&#8243;][vc_column_text]<\/p>\n<h2>Gutachten<\/h2>\n<p>[\/vc_column_text][\/vc_column][vc_column width=&#8220;2\/3&#8243;][vc_column_text]<\/p>\n<h3>Augen\u00e4rztliche Gutachten<br \/>\nund Sehtests in Neum\u00fcnster<\/h3>\n<p>[\/vc_column_text][vc_column_text]Sie ben\u00f6tigen f\u00fcr berufliche oder private Zwecke ein augen\u00e4rztliches Gutachten? In unserer Augenarztpraxis fertigen wir medizinische Tauglichkeitszeugnisse f\u00fcr folgende Bereiche an:[\/vc_column_text]<div class=\"standard-arrow list-divider bullet-top\"><ul>\n<li>F\u00fchrerscheinsehtest und F\u00fchrerscheingutachten f\u00fcr alle Klassen<\/li>\n<li>augen\u00e4rztliche Arbeitsplatzuntersuchung auf Fahr- und Steuert\u00e4tigkeiten (G25 \u2013 z. B. Gabelstapler)<\/li>\n<li>augen\u00e4rztliche Untersuchungen zur Flugtauglichkeit<\/li>\n<li>augen\u00e4rztliche Untersuchungen f\u00fcr Bootsf\u00fchrerscheine<\/li>\n<\/ul>\n<\/div>[\/vc_column][\/vc_row][vc_row bg_type=&#8220;bg_color&#8220; bg_override=&#8220;full&#8220; bg_color_value=&#8220;#ffffff&#8220;][vc_column][vc_empty_space][vc_row_inner el_id=&#8220;spezialsprechstunde&#8220;][vc_column_inner width=&#8220;1\/3&#8243;][vc_column_text]<\/p>\n<h2>Spezial\u00adsprechstunden<\/h2>\n<p>[\/vc_column_text][\/vc_column_inner][vc_column_inner width=&#8220;2\/3&#8243;][vc_column_text]<\/p>\n<h3>Augenarztpraxis Neum\u00fcnster:<br \/>\nUnsere Spezial\u00adsprechstunden<\/h3>\n<p>[\/vc_column_text][vc_column_text]Neben der normalen augen\u00e4rztlichen Sprechstunde bieten Ihnen unsere Augen\u00e4rzte in Neum\u00fcnster auch Spezialsprechstunden an. Hier werden Kinder, Jugendliche und Erwachsene speziell auf ihre Erkrankungen und Beschwerden hin untersucht und behandelt. Folgende Spezialsprechstunden k\u00f6nnen Sie in der Augenarztpraxis Neum\u00fcnster besuchen:[\/vc_column_text]<div class=\"standard-arrow list-divider bullet-top\"><ul>\n<li>Gesichtsfelduntersuchung<\/li>\n<li>Pachymetrie<\/li>\n<li>Laserbehandlung mit dem YAG Laser zur Nachstarbehandlung und Drucksenkung<\/li>\n<li>Beratung LASIK, Femtosekundenlaser<\/li>\n<li>Anomaloskop (quantitative Messung der Farbsehschw\u00e4che)<\/li>\n<li>Mesoptometer (D\u00e4mmerungssehverm\u00f6gen)<\/li>\n<li>Sehschule \/ Skiaskopie<\/li>\n<li>OCT Macula<\/li>\n<li>OCT Sehnerv<\/li>\n<li>selektive Lasertrabekuloplastik zur Drucksenkung<\/li>\n<\/ul>\n<\/div>[\/vc_column_inner][\/vc_row_inner][\/vc_column][\/vc_row][vc_row][vc_column width=&#8220;1\/3&#8243;][vc_column_text css=&#8220;&#8220;]<\/p>\n<h2>Ihre \u00c4rzte der Augenarztpraxis Neum\u00fcnster<\/h2>\n<p>[\/vc_column_text][\/vc_column][vc_column width=&#8220;2\/3&#8243;]<style type=\"text\/css\" data-type=\"the7_shortcodes-inline-css\">.dt-team-shortcode.team-masonry-shortcode-id-a9dccdca78c06815e570773895d1ebca.content-bg-on .team-container {\n  background: #ffffff;\n  -webkit-box-shadow: none;\n  box-shadow: none;\n}\n.dt-team-shortcode.team-masonry-shortcode-id-a9dccdca78c06815e570773895d1ebca .team-desc {\n  padding: 20px 20px 20px 20px;\n}\n.dt-team-shortcode.team-masonry-shortcode-id-a9dccdca78c06815e570773895d1ebca .team-author-name,\n.dt-team-shortcode.team-masonry-shortcode-id-a9dccdca78c06815e570773895d1ebca .team-author-name a {\n  margin-bottom: 0px;\n  font-weight: bold;\n}\n.dt-team-shortcode.team-masonry-shortcode-id-a9dccdca78c06815e570773895d1ebca .team-author p {\n  margin-bottom: 10px;\n  font-weight: bold;\n}\n.dt-team-shortcode.team-masonry-shortcode-id-a9dccdca78c06815e570773895d1ebca  .team-media {\n  padding: 0px 0px 0px 0px;\n}\n.dt-team-shortcode.team-masonry-shortcode-id-a9dccdca78c06815e570773895d1ebca .dt-css-grid .team-media img {\n  max-width: 100%;\n}\n.dt-team-shortcode.team-masonry-shortcode-id-a9dccdca78c06815e570773895d1ebca .team-content {\n  margin-bottom: 5px;\n}\n.dt-team-shortcode.team-masonry-shortcode-id-a9dccdca78c06815e570773895d1ebca  .team-media,\n.dt-team-shortcode.team-masonry-shortcode-id-a9dccdca78c06815e570773895d1ebca  .team-media a.rollover,\n.dt-team-shortcode.team-masonry-shortcode-id-a9dccdca78c06815e570773895d1ebca  .team-media a.rollover *,\n.dt-team-shortcode.team-masonry-shortcode-id-a9dccdca78c06815e570773895d1ebca  .team-media img {\n  border-radius: 0px;\n}\n.dt-team-shortcode.team-masonry-shortcode-id-a9dccdca78c06815e570773895d1ebca .soc-ico {\n  margin-bottom: 15px;\n}\n.dt-team-shortcode.team-masonry-shortcode-id-a9dccdca78c06815e570773895d1ebca .soc-ico a {\n  min-width: 26px;\n  min-height: 26px;\n  font-size: 16px;\n  border-radius: 100px;\n}\n.dt-team-shortcode.team-masonry-shortcode-id-a9dccdca78c06815e570773895d1ebca .soc-ico a:not(:last-child) {\n  margin-right: 4px;\n}\n.dt-team-shortcode.team-masonry-shortcode-id-a9dccdca78c06815e570773895d1ebca .soc-ico a:before,\n.dt-team-shortcode.team-masonry-shortcode-id-a9dccdca78c06815e570773895d1ebca .soc-ico a:after {\n  min-width: 26px;\n  min-height: 26px;\n  padding: inherit;\n}\n.dt-icon-border-on.dt-team-shortcode.team-masonry-shortcode-id-a9dccdca78c06815e570773895d1ebca .soc-ico a:before {\n  border: 0px solid transparent;\n}\n.dt-team-shortcode.team-masonry-shortcode-id-a9dccdca78c06815e570773895d1ebca .soc-ico a:hover {\n  font-size: 16px;\n}\n#page .dt-team-shortcode.team-masonry-shortcode-id-a9dccdca78c06815e570773895d1ebca .soc-ico a:hover .soc-font-icon {\n  color: rgba(255,255,255,0.75);\n  background: none;\n}\n.dt-icon-border-hover-on.dt-team-shortcode.team-masonry-shortcode-id-a9dccdca78c06815e570773895d1ebca .soc-ico a:after {\n  border: 0px solid transparent;\n}\n#page .dt-team-shortcode.team-masonry-shortcode-id-a9dccdca78c06815e570773895d1ebca .soc-ico a:not(:hover) .soc-font-icon {\n  color: #ffffff;\n  background: none;\n}\n.dt-team-shortcode.team-masonry-shortcode-id-a9dccdca78c06815e570773895d1ebca .soc-ico a .soc-font-icon {\n  font-size: 16px;\n}\n.dt-team-shortcode.team-masonry-shortcode-id-a9dccdca78c06815e570773895d1ebca .filter-bg-decoration .filter-categories a.act {\n  color: #fff;\n}\n.dt-team-shortcode.team-masonry-shortcode-id-a9dccdca78c06815e570773895d1ebca:not(.resize-by-browser-width) .dt-css-grid {\n  grid-row-gap: 30px;\n  grid-column-gap: 30px;\n  grid-template-columns: repeat(auto-fill,minmax(,1fr));\n}\n.cssgridlegacy.no-cssgrid .dt-team-shortcode.team-masonry-shortcode-id-a9dccdca78c06815e570773895d1ebca:not(.resize-by-browser-width) .dt-css-grid,\n.no-cssgridlegacy.no-cssgrid .dt-team-shortcode.team-masonry-shortcode-id-a9dccdca78c06815e570773895d1ebca:not(.resize-by-browser-width) .dt-css-grid {\n  display: flex;\n  flex-flow: row wrap;\n  margin: -15px;\n}\n.cssgridlegacy.no-cssgrid .dt-team-shortcode.team-masonry-shortcode-id-a9dccdca78c06815e570773895d1ebca:not(.resize-by-browser-width) .dt-css-grid .wf-cell,\n.no-cssgridlegacy.no-cssgrid .dt-team-shortcode.team-masonry-shortcode-id-a9dccdca78c06815e570773895d1ebca:not(.resize-by-browser-width) .dt-css-grid .wf-cell {\n  flex: 1 0 ;\n  max-width: 100%;\n  padding: 15px;\n  box-sizing: border-box;\n}\n.dt-team-shortcode.team-masonry-shortcode-id-a9dccdca78c06815e570773895d1ebca.resize-by-browser-width .dt-css-grid {\n  grid-template-columns: repeat(3,1fr);\n  grid-template-rows: auto;\n  grid-column-gap: 30px;\n  grid-row-gap: 30px;\n}\n.cssgridlegacy.no-cssgrid .dt-team-shortcode.team-masonry-shortcode-id-a9dccdca78c06815e570773895d1ebca.resize-by-browser-width .dt-css-grid,\n.no-cssgridlegacy.no-cssgrid .dt-team-shortcode.team-masonry-shortcode-id-a9dccdca78c06815e570773895d1ebca.resize-by-browser-width .dt-css-grid {\n  margin: -15px;\n}\n.cssgridlegacy.no-cssgrid .dt-team-shortcode.team-masonry-shortcode-id-a9dccdca78c06815e570773895d1ebca.resize-by-browser-width .dt-css-grid .wf-cell,\n.no-cssgridlegacy.no-cssgrid .dt-team-shortcode.team-masonry-shortcode-id-a9dccdca78c06815e570773895d1ebca.resize-by-browser-width .dt-css-grid .wf-cell {\n  width: 33.333333333333%;\n  padding: 15px;\n}\n@media screen and (max-width: 1199px) {\n  .dt-team-shortcode.team-masonry-shortcode-id-a9dccdca78c06815e570773895d1ebca.resize-by-browser-width .dt-css-grid {\n    grid-template-columns: repeat(3,1fr);\n  }\n  .cssgridlegacy.no-cssgrid .dt-team-shortcode.team-masonry-shortcode-id-a9dccdca78c06815e570773895d1ebca.resize-by-browser-width .dt-css-grid .wf-cell,\n  .no-cssgridlegacy.no-cssgrid .dt-team-shortcode.team-masonry-shortcode-id-a9dccdca78c06815e570773895d1ebca.resize-by-browser-width .dt-css-grid .wf-cell {\n    width: 33.333333333333%;\n  }\n}\n@media screen and (max-width: 991px) {\n  .dt-team-shortcode.team-masonry-shortcode-id-a9dccdca78c06815e570773895d1ebca.resize-by-browser-width .dt-css-grid {\n    grid-template-columns: repeat(2,1fr);\n  }\n  .cssgridlegacy.no-cssgrid .dt-team-shortcode.team-masonry-shortcode-id-a9dccdca78c06815e570773895d1ebca.resize-by-browser-width .dt-css-grid .wf-cell,\n  .no-cssgridlegacy.no-cssgrid .dt-team-shortcode.team-masonry-shortcode-id-a9dccdca78c06815e570773895d1ebca.resize-by-browser-width .dt-css-grid .wf-cell {\n    width: 50%;\n  }\n}\n@media screen and (max-width: 767px) {\n  .dt-team-shortcode.team-masonry-shortcode-id-a9dccdca78c06815e570773895d1ebca.resize-by-browser-width .dt-css-grid {\n    grid-template-columns: repeat(1,1fr);\n  }\n  .cssgridlegacy.no-cssgrid .dt-team-shortcode.team-masonry-shortcode-id-a9dccdca78c06815e570773895d1ebca.resize-by-browser-width .dt-css-grid .wf-cell,\n  .no-cssgridlegacy.no-cssgrid .dt-team-shortcode.team-masonry-shortcode-id-a9dccdca78c06815e570773895d1ebca.resize-by-browser-width .dt-css-grid .wf-cell {\n    width: 100%;\n  }\n}<\/style><div class=\"dt-team-masonry-shortcode dt-team-shortcode team-masonry-shortcode-id-a9dccdca78c06815e570773895d1ebca loading-effect-none mode-grid jquery-filter content-align-center content-bg-on dt-css-grid-wrap scale-img dt-css-grid-wrap dt-icon-bg-on dt-icon-border-on dt-icon-hover-bg-on dt-icon-border-hover-on move-icons-under-position resize-by-browser-width  \" data-padding=\"15px\" data-cur-page=\"1\" data-post-limit=\"-1\" data-pagination-mode=\"none\" data-desktop-columns-num=\"3\" data-v-tablet-columns-num=\"2\" data-h-tablet-columns-num=\"3\" data-phone-columns-num=\"1\" data-width=\"0px\" data-columns=\"0\"><div class=\"dt-css-grid\" ><div class=\"visible wf-cell\" data-post-id=\"5841\" data-date=\"2021-09-16T16:12:11+02:00\" data-name=\"Dr. Kathrin Hartz\"><div class=\"team-container visible post post-5841 dt_team type-dt_team status-publish has-post-thumbnail hentry dt_team_category-augenarztpraxis-neumuenster dt_team_category-62 description-off\"><div class=\"team-media\"><span><img fetchpriority=\"high\" decoding=\"async\" class=\"preload-me iso-lazy-load aspect\" src=\"data:image\/svg+xml,%3Csvg%20xmlns%3D&#39;http%3A%2F%2Fwww.w3.org%2F2000%2Fsvg&#39;%20viewBox%3D&#39;0%200%20600%20600&#39;%2F%3E\" data-src=\"https:\/\/augenklinik-rd.de\/wp-content\/uploads\/2021\/09\/Augenarztpraxis-Neumuenster-Dr.-Hartz.jpg\" data-srcset=\"https:\/\/augenklinik-rd.de\/wp-content\/uploads\/2021\/09\/Augenarztpraxis-Neumuenster-Dr.-Hartz.jpg 600w\" loading=\"eager\" style=\"--ratio: 600 \/ 600\" sizes=\"(max-width: 600px) 100vw, 600px\" width=\"600\" height=\"600\"  title=\"Dr. med. Kathrin Hartz\" alt=\"Dr. med. Kathrin Hartz\" \/><\/span><\/div><div class=\"team-desc\"><div class=\"team-author\"><div class=\"team-author-name\">Dr. Kathrin Hartz<\/div><\/div><div class=\"team-content\"><\/div><\/div><\/div><\/div><div class=\"visible wf-cell\" data-post-id=\"2407\" data-date=\"2018-01-01T07:00:09+01:00\" data-name=\"Dr. Doris Neumann\"><div class=\"team-container visible post post-2407 dt_team type-dt_team status-publish has-post-thumbnail hentry dt_team_category-augenarztpraxis-neumuenster dt_team_category-operateure dt_team_category-62 dt_team_category-33 description-off\"><div class=\"team-media\"><span><img decoding=\"async\" class=\"preload-me iso-lazy-load aspect\" src=\"data:image\/svg+xml,%3Csvg%20xmlns%3D&#39;http%3A%2F%2Fwww.w3.org%2F2000%2Fsvg&#39;%20viewBox%3D&#39;0%200%20600%20600&#39;%2F%3E\" data-src=\"https:\/\/augenklinik-rd.de\/wp-content\/uploads\/2018\/02\/Augenarztpraxis-Rendsburg-Dr-med-Doris-Neumann.jpg\" data-srcset=\"https:\/\/augenklinik-rd.de\/wp-content\/uploads\/2018\/02\/Augenarztpraxis-Rendsburg-Dr-med-Doris-Neumann.jpg 600w\" loading=\"eager\" style=\"--ratio: 600 \/ 600\" sizes=\"(max-width: 600px) 100vw, 600px\" width=\"600\" height=\"600\"  title=\"Dr. med. Doris Neumann\" alt=\"Dr. med. Doris Neumann\" \/><\/span><\/div><div class=\"team-desc\"><div class=\"team-author\"><div class=\"team-author-name\">Dr. Doris Neumann<\/div><\/div><div class=\"team-content\"><\/div><\/div><\/div><\/div><\/div><!-- iso-container|iso-grid --><\/div>[\/vc_column][\/vc_row][vc_row disable_element=&#8220;yes&#8220;][vc_column][vc_empty_space height=&#8220;52px&#8220;][vc_empty_space][vc_column_text]<\/p>\n<h3 style=\"text-align: center;\">360\u00b0 Rundgang durch die Augenpraxis Neum\u00fcnster<\/h3>\n<p>[\/vc_column_text][vc_gmaps link=&#8220;#E-8_JTNDaWZyYW1lJTIwc3JjJTNEJTIyaHR0cHMlM0ElMkYlMkZ3d3cuZ29vZ2xlLmNvbSUyRm1hcHMlMkZlbWJlZCUzRnBiJTNEJTIxMW0wJTIxM20yJTIxMXNkZSUyMTJzZGUlMjE0djE0NjcyOTk1ODIxNDElMjE2bTglMjExbTclMjExc05sR1Eza0tBc2dzQUFBUXZPX200WUElMjEybTIlMjExZDU0LjMyNTc3MDYzNTMzODU0JTIxMmQxMC4xMjE0NDgyMjE3MjQ2OCUyMTNmMjg4JTIxNGYwJTIxNWYwLjc4MjA4NjU5NzQ2Mjc0NjklMjIlMjB3aWR0aCUzRCUyMjYwMCUyMiUyMGhlaWdodCUzRCUyMjQ1MCUyMiUyMGZyYW1lYm9yZGVyJTNEJTIyMCUyMiUyMHN0eWxlJTNEJTIyYm9yZGVyJTNBMCUyMiUyMGFsbG93ZnVsbHNjcmVlbiUzRSUzQyUyRmlmcmFtZSUzRQ==&#8220; size=&#8220;450&#8243;][\/vc_column][\/vc_row]<\/p>\n<\/div>","protected":false},"excerpt":{"rendered":"<p>[vc_row][vc_column width=&#8220;1\/3&#8243;][vc_column_text css=&#8220;&#8220;] Ihre Augen\u00e4rzte in Neum\u00fcnster [\/vc_column_text][\/vc_column][vc_column width=&#8220;2\/3&#8243;][vc_column_text css=&#8220;&#8220;] Willkommen in Neum\u00fcnster am Gro\u00dfflecken Sie finden unsere Praxis im Herzen von Neum\u00fcnster am Kuhberg 53. Kostenpflichtige Parkm\u00f6glichkeiten finden Sie auf dem Parkplatz gegen\u00fcber dem Haus auf dem ehemaligen Karstadt-Gel\u00e4nde. Weitere Parkm\u00f6glichkeiten finden Sie am Waschpohl oder am Kleinflecken.[\/vc_column_text][\/vc_column][\/vc_row][vc_row][vc_column css_animation=&#8220;none&#8220; width=&#8220;1\/3&#8243;][vc_btn title=&#8220;Anfahrt&#8220; style=&#8220;flat&#8220; shape=&#8220;square&#8220; size=&#8220;lg&#8220;&hellip;<\/p>\n","protected":false},"author":7,"featured_media":0,"parent":0,"menu_order":0,"comment_status":"closed","ping_status":"closed","template":"","meta":{"_acf_changed":false,"_seopress_robots_primary_cat":"","_seopress_titles_title":"%%title%% %%page%% | %%sitename%%","_seopress_titles_desc":"Ihr Augenarzt in Neum\u00fcnster: Wir bieten Vorsorgeuntersuchungen, Gutachten & Spezialsprechstunden. Vereinbaren Sie jetzt einen Termin!","_seopress_robots_index":"","footnotes":""},"class_list":["post-5840","page","type-page","status-publish","hentry","description-off"],"acf":[],"_links":{"self":[{"href":"https:\/\/augenklinik-rd.de\/de\/wp-json\/wp\/v2\/pages\/5840","targetHints":{"allow":["GET"]}}],"collection":[{"href":"https:\/\/augenklinik-rd.de\/de\/wp-json\/wp\/v2\/pages"}],"about":[{"href":"https:\/\/augenklinik-rd.de\/de\/wp-json\/wp\/v2\/types\/page"}],"author":[{"embeddable":true,"href":"https:\/\/augenklinik-rd.de\/de\/wp-json\/wp\/v2\/users\/7"}],"replies":[{"embeddable":true,"href":"https:\/\/augenklinik-rd.de\/de\/wp-json\/wp\/v2\/comments?post=5840"}],"version-history":[{"count":38,"href":"https:\/\/augenklinik-rd.de\/de\/wp-json\/wp\/v2\/pages\/5840\/revisions"}],"predecessor-version":[{"id":7505,"href":"https:\/\/augenklinik-rd.de\/de\/wp-json\/wp\/v2\/pages\/5840\/revisions\/7505"}],"wp:attachment":[{"href":"https:\/\/augenklinik-rd.de\/de\/wp-json\/wp\/v2\/media?parent=5840"}],"curies":[{"name":"wp","href":"https:\/\/api.w.org\/{rel}","templated":true}]}}